{"id":25,"date":"2025-12-21T11:15:06","date_gmt":"2025-12-21T11:15:06","guid":{"rendered":"http:\/\/test.maria-eisen.de\/?page_id=25"},"modified":"2026-02-07T09:28:45","modified_gmt":"2026-02-07T08:28:45","slug":"uebersetzen","status":"publish","type":"page","link":"https:\/\/maria-eisen.de\/?page_id=25","title":{"rendered":"\u00dcbersetzen"},"content":{"rendered":"\n<p>Ich fertige f\u00fcr Sie pr\u00e4zise, stilistisch einwandfreie und fachlich korrekte \u00dcbersetzungen in den Sprachen <strong>Deutsch, Russisch, Spanisch und Englisch <\/strong>an.<\/p>\n\n\n\n<p>Als <strong>allgemein vereidigte \u00dcbersetzerin f\u00fcr Russisch und Spanisch <\/strong>erstelle ich <strong>beglaubigte \u00dcbersetzungen, <\/strong>die von <strong>Beh\u00f6rden und \u00c4mtern in allen Bundesl\u00e4ndern Deutschlands anerkannt <\/strong>werden.<\/p>\n\n\n\n<p>Ich spezialisiere mich auf Fachtexte aus den Bereichen <strong>Recht<\/strong>, <strong>Wirtschaft<\/strong>, <strong>Technik<\/strong> und <strong>Medizin.<\/strong><\/p>\n\n\n\n<p style=\"font-size:20px\"><strong>Dokumenttypen (Auswahl)<\/strong><\/p>\n\n\n\n<ul class=\"wp-block-list\">\n<li>Urkunden wie Heiratsurkunden, Geburtsurkunden, Scheidungsurkunden, Sterbeurkunden, Namens\u00e4nderungsurkunden u.a.<\/li>\n\n\n\n<li>Bescheinigungen wie Meldebescheinigungen, Ledigkeitsbescheinigungen, Staatsb\u00fcrgerschaftsnachweise<\/li>\n\n\n\n<li>Ausweise wie Personalausweise, Reisep\u00e4sse, F\u00fchrerscheine, Fahrerlaubnisse, und F\u00fchrungszeugnisse u.a.<\/li>\n\n\n\n<li>Gerichtsdokumente wie Gerichtsurteile, Beschl\u00fcsse, Ladungen, Korrespondenz mit Gerichtsorganen, Scheidungsurteile u.a.<\/li>\n\n\n\n<li>Zeugnisse wie Diplome und andere Studienabschlusszeugnisse, Schul- und Abiturzeugnisse, Zertifikate und Arbeitszeugnisse, Lehrpl\u00e4ne, akademische Bescheinigungen<\/li>\n\n\n\n<li>notarielle Dokumente wie Apostillen (d.h. internationale Best\u00e4tigung der Echtheit einer \u00f6ffentlichen Urkunde), Vollmachten, Ehevertr\u00e4ge, Erbscheine, Testamente, amtliche Handelsregisterausz\u00fcge und Grundbuchausz\u00fcge u.a.<\/li>\n\n\n\n<li>Gesch\u00e4ftsvertr\u00e4ge wie Gesellschaftsvertr\u00e4ge, Geheimhaltungsvereinbarungen, Kaufvertr\u00e4ge, Immobilienvertr\u00e4ge, Zahlungsvereinbarungen, Vollmachten, Schuldvertr\u00e4ge, Darlehensvertr\u00e4ge, Kreditvertr\u00e4ge u.a.<\/li>\n\n\n\n<li>Gesch\u00e4fts- und Finanzdokumente wie Bilanzen, Jahresabschl\u00fcsse, Gesch\u00e4ftsberichte und Steuerbescheide, Versicherungsnachweise, Gutachten, Pr\u00fcfungs- und Sachverst\u00e4ndigenberichte<\/li>\n\n\n\n<li>medizinische Dokumente wie Arztberichte, Krankengeschichten, Behindertenausweise u.a.<\/li>\n\n\n\n<li>Gutachten wie gerichtlich-medizinische Gutachten, Gutachten zur Alkoholbestimmung im Blut, DNA-Gutachten, daktyloskopische Gutachten u.a.<\/li>\n\n\n\n<li>Informationsbrosch\u00fcren wie Patienteninformation, Packungsbeilagen, Bedienungsanleitungen zu medizinischen und sonstigen Ger\u00e4ten, Gebrauchsanleitungen<\/li>\n\n\n\n<li>Technische Texte aus den Bereichen Anlagen- und Ger\u00e4tebau u.a.<\/li>\n<\/ul>\n\n\n\n<p><strong>Ich biete beglaubigte \u00dcbersetzungen gem\u00e4\u00df der ISO-Norm R9 an, die vollst\u00e4ndig den Anforderungen der deutschen Beh\u00f6rden entsprechen.<\/strong><\/p>\n\n\n\n<p style=\"font-size:20px\"><strong>Was bedeutet eine Beglaubigung?<\/strong><\/p>\n\n\n\n<p>Eine Beglaubigung ist eine <strong>Best\u00e4tigung der Richtigkeit und Vollst\u00e4ndigkeit einer \u00dcbersetzung<\/strong> durch <strong>Unterschrift und<\/strong> <strong>Siegel einer vereidigten \u00dcbersetzerin <\/strong>bzw.eines vereidigten \u00dcbersetzers.<\/p>\n\n\n\n<p>Die beglaubigten, amtlich anerkannten \u00dcbersetzungen werden meist bei <strong>beh\u00f6rdlichen Verfahren<\/strong> ben\u00f6tigt, zum Beispiel bei Einb\u00fcrgerungsverfahren, Visa- und Aufenthaltsantr\u00e4gen, Gerichts- und Verwaltungsverfahren, standesamtlichen Angelegenheiten wie Eheschlie\u00dfungen, Geburtseintr\u00e4gen oder Namens\u00e4nderungen, f\u00fcr die Anerkennung ausl\u00e4ndischer Bildungsabschl\u00fcsse, f\u00fcr internationale Gesch\u00e4fts- und Vertragsunterlagen u.a.<\/p>\n\n\n\n<p style=\"font-size:20px\"><strong>Was ist die ISO-Norm R9?<\/strong><\/p>\n\n\n\n<p>Die ISO-Norm R9 ist ein internationaler Standard f\u00fcr die Transliteration von kyrillischen in lateinische Schriftzeichen. Ist das <strong>Originaldokument in kyrillischer Schrift<\/strong> verfasst (in Russisch, Ukrainisch u.a.), dann werden Namen und einige andere Angaben <strong>bei der<\/strong> <strong>\u00dcbersetzung gem\u00e4\u00df der ISO-Norm R9<\/strong> wiedergegeben.<\/p>\n\n\n\n<p style=\"font-size:20px\"><strong>Ablauf einer \u00dcbersetzung<\/strong><\/p>\n\n\n\n<p>Sie schicken mir Ihre Dokumente als Original, Kopie oder Scan.<\/p>\n\n\n\n<p>Ich pr\u00fcfe Ihre Unterlagen, melde mich bei Bedarf mit kurzen R\u00fcckfragen und beantworte ausf\u00fchrlich Ihre Fragen. Sie erhalten von mir ein transparentes Angebot, das alle relevanten Informationen enth\u00e4lt: Leistungsumfang, Liefertermin und Kosten. Wir vereinbaren die Zahlungsweise sowie die Zeit und Art der Lieferung oder Abholung.<\/p>\n\n\n\n<p>Ihre Unterlagen behandle ich vertraulich und sicher.<\/p>\n\n\n\n<p style=\"font-size:20px\"><strong>Preisgestaltung<\/strong><\/p>\n\n\n\n<p>Die <strong>Preise<\/strong> <strong>von \u00dcbersetzungen<\/strong> richten sich nach der Textart, dem Fachgebiet, dem Umfang und der gew\u00fcnschten Lieferfrist. Nach Erhalt Ihrer Unterlagen sende ich Ihnen unverz\u00fcglich ein individuelles Angebot.<\/p>\n\n\n\n<div class=\"wp-block-buttons is-layout-flex wp-block-buttons-is-layout-flex\">\n<div class=\"wp-block-button has-custom-width wp-block-button__width-100\"><a class=\"wp-block-button__link has-white-color has-text-color has-link-color wp-element-button\" href=\"http:\/\/maria-eisen.de\/?page_id=36\">Angebot anfordern<\/a><\/div>\n<\/div>\n","protected":false},"excerpt":{"rendered":"<p>Ich fertige f\u00fcr Sie pr\u00e4zise, stilistisch einwandfreie und fachlich korrekte \u00dcbersetzungen in den Sprachen Deutsch, Russisch, Spanisch und Englisch an. Als allgemein vereidigte \u00dcbersetzerin f\u00fcr Russisch und Spanisch erstelle ich beglaubigte \u00dcbersetzungen, die von Beh\u00f6rden und \u00c4mtern in allen Bundesl\u00e4ndern Deutschlands anerkannt werden. Ich spezialisiere mich auf Fachtexte aus den Bereichen Recht, Wirtschaft, Technik und <a href=\"https:\/\/maria-eisen.de\/?page_id=25\" class=\"more-link\">...weiterlesen<span class=\"screen-reader-text\"> \"\u00dcbersetzen\"<\/span><\/a><\/p>\n","protected":false},"author":1,"featured_media":0,"parent":0,"menu_order":0,"comment_status":"closed","ping_status":"closed","template":"","meta":{"footnotes":""},"class_list":["post-25","page","type-page","status-publish","h-entry","hentry","h-as-page"],"_links":{"self":[{"href":"https:\/\/maria-eisen.de\/index.php?rest_route=\/wp\/v2\/pages\/25","targetHints":{"allow":["GET"]}}],"collection":[{"href":"https:\/\/maria-eisen.de\/index.php?rest_route=\/wp\/v2\/pages"}],"about":[{"href":"https:\/\/maria-eisen.de\/index.php?rest_route=\/wp\/v2\/types\/page"}],"author":[{"embeddable":true,"href":"https:\/\/maria-eisen.de\/index.php?rest_route=\/wp\/v2\/users\/1"}],"replies":[{"embeddable":true,"href":"https:\/\/maria-eisen.de\/index.php?rest_route=%2Fwp%2Fv2%2Fcomments&post=25"}],"version-history":[{"count":7,"href":"https:\/\/maria-eisen.de\/index.php?rest_route=\/wp\/v2\/pages\/25\/revisions"}],"predecessor-version":[{"id":360,"href":"https:\/\/maria-eisen.de\/index.php?rest_route=\/wp\/v2\/pages\/25\/revisions\/360"}],"wp:attachment":[{"href":"https:\/\/maria-eisen.de\/index.php?rest_route=%2Fwp%2Fv2%2Fmedia&parent=25"}],"curies":[{"name":"wp","href":"https:\/\/api.w.org\/{rel}","templated":true}]}}