{"id":26,"date":"2025-12-21T11:15:06","date_gmt":"2025-12-21T11:15:06","guid":{"rendered":"http:\/\/test.maria-eisen.de\/?page_id=26"},"modified":"2026-02-07T09:28:05","modified_gmt":"2026-02-07T08:28:05","slug":"dolmetschen","status":"publish","type":"page","link":"https:\/\/maria-eisen.de\/?page_id=26","title":{"rendered":"Dolmetschen"},"content":{"rendered":"\n<p>Ich bin&nbsp;<strong>allgemein vereidigte Dolmetscherin f\u00fcr Russisch<\/strong>&nbsp;und dolmetsche f\u00fcr Sie bundesweit bei&nbsp;<strong>Beh\u00f6rden, \u00c4mtern, Gerichten, Standes\u00e4mtern, Polizei, Notaren, Rechtsanw\u00e4lten<\/strong>&nbsp;sowie bei&nbsp;<strong>Vertragsverhandlungen<\/strong>.<strong><\/strong><\/p>\n\n\n\n<p style=\"font-size:20px\"><strong>Ablauf eines Dolmetschauftrags<\/strong><\/p>\n\n\n\n<p>Bitte teilen Sie mir <strong>Ort, Dauer und Thema<\/strong> Ihres Dolmetschauftrags mit. Ich melde mich bei Ihnen, kl\u00e4re offene Fragen und bespreche die Details. Danach erhalten Sie ein <strong>\u00fcbersichtliches Angebot<\/strong> mit allen wichtigen Angaben: Leistungsumfang, Zeitrahmen, Kosten und Zahlungsweise.<\/p>\n\n\n\n<p>Ich behandle Ihr Anliegen selbstverst\u00e4ndlich vertraulich und sicher.<\/p>\n\n\n\n<p style=\"font-size:20px\"><strong>Preisgestaltung<\/strong><\/p>\n\n\n\n<p>Die <strong>Preise von Dolmetschauftr\u00e4gen<\/strong> h\u00e4ngen von der Dauer des Einsatzes, den Fristen und der Art des Dolmetschens ab. Nach Erhalt Ihrer Anfrage sende ich Ihnen unverz\u00fcglich ein individuelles Angebot. Alle Details werden vor Auftragsbeginn abgestimmt.<\/p>\n\n\n\n<div class=\"wp-block-buttons is-layout-flex wp-block-buttons-is-layout-flex\">\n<div class=\"wp-block-button has-custom-width wp-block-button__width-100\"><a class=\"wp-block-button__link has-white-color has-text-color has-link-color wp-element-button\" href=\"http:\/\/maria-eisen.de\/?page_id=36\">Angebot anfordern<\/a><\/div>\n<\/div>\n","protected":false},"excerpt":{"rendered":"<p>Ich bin&nbsp;allgemein vereidigte Dolmetscherin f\u00fcr Russisch&nbsp;und dolmetsche f\u00fcr Sie bundesweit bei&nbsp;Beh\u00f6rden, \u00c4mtern, Gerichten, Standes\u00e4mtern, Polizei, Notaren, Rechtsanw\u00e4lten&nbsp;sowie bei&nbsp;Vertragsverhandlungen. Ablauf eines Dolmetschauftrags Bitte teilen Sie mir Ort, Dauer und Thema Ihres Dolmetschauftrags mit. Ich melde mich bei Ihnen, kl\u00e4re offene Fragen und bespreche die Details. Danach erhalten Sie ein \u00fcbersichtliches Angebot mit allen wichtigen Angaben: Leistungsumfang, <a href=\"https:\/\/maria-eisen.de\/?page_id=26\" class=\"more-link\">...weiterlesen<span class=\"screen-reader-text\"> \"Dolmetschen\"<\/span><\/a><\/p>\n","protected":false},"author":1,"featured_media":0,"parent":0,"menu_order":0,"comment_status":"closed","ping_status":"closed","template":"","meta":{"footnotes":""},"class_list":["post-26","page","type-page","status-publish","h-entry","hentry","h-as-page"],"_links":{"self":[{"href":"https:\/\/maria-eisen.de\/index.php?rest_route=\/wp\/v2\/pages\/26","targetHints":{"allow":["GET"]}}],"collection":[{"href":"https:\/\/maria-eisen.de\/index.php?rest_route=\/wp\/v2\/pages"}],"about":[{"href":"https:\/\/maria-eisen.de\/index.php?rest_route=\/wp\/v2\/types\/page"}],"author":[{"embeddable":true,"href":"https:\/\/maria-eisen.de\/index.php?rest_route=\/wp\/v2\/users\/1"}],"replies":[{"embeddable":true,"href":"https:\/\/maria-eisen.de\/index.php?rest_route=%2Fwp%2Fv2%2Fcomments&post=26"}],"version-history":[{"count":7,"href":"https:\/\/maria-eisen.de\/index.php?rest_route=\/wp\/v2\/pages\/26\/revisions"}],"predecessor-version":[{"id":357,"href":"https:\/\/maria-eisen.de\/index.php?rest_route=\/wp\/v2\/pages\/26\/revisions\/357"}],"wp:attachment":[{"href":"https:\/\/maria-eisen.de\/index.php?rest_route=%2Fwp%2Fv2%2Fmedia&parent=26"}],"curies":[{"name":"wp","href":"https:\/\/api.w.org\/{rel}","templated":true}]}}