{"id":37,"date":"2025-12-21T11:24:14","date_gmt":"2025-12-21T11:24:14","guid":{"rendered":"http:\/\/test.maria-eisen.de\/?page_id=37"},"modified":"2026-02-07T09:30:36","modified_gmt":"2026-02-07T08:30:36","slug":"impressum","status":"publish","type":"page","link":"https:\/\/maria-eisen.de\/?page_id=37","title":{"rendered":"Impressum &amp; Kontakt"},"content":{"rendered":"\n<p>Pflichtangaben nach \u00a7 5 DDG und \u00a7 18 Abs. 1 MStV<\/p>\n\n\n\n<p>Dr. Maria Eisen&nbsp;<br>Heinestra\u00dfe 6<br>66121 Saarbr\u00fccken<\/p>\n\n\n\n<p>Alle Details zu Ihrem Auftrag k\u00f6nnen Sie mit mir entweder per E-Mail oder telefonisch besprechen:<\/p>\n\n\n\n<p>Mobil\/WhatsApp: +49 176 49137388<br>E-Mail:&nbsp;<a href=\"mailto:info@maria-eisen.de\">info@maria-eisen.de<\/a><\/p>\n\n\n\n<div class=\"wp-block-buttons is-layout-flex wp-block-buttons-is-layout-flex\">\n<div class=\"wp-block-button has-custom-width wp-block-button__width-100\"><a class=\"wp-block-button__link has-white-color has-text-color has-link-color wp-element-button\" href=\"http:\/\/maria-eisen.de\/?page_id=36\">Angebot anfordern<\/a><\/div>\n<\/div>\n","protected":false},"excerpt":{"rendered":"<p>Pflichtangaben nach \u00a7 5 DDG und \u00a7 18 Abs. 1 MStV Dr. Maria Eisen&nbsp;Heinestra\u00dfe 666121 Saarbr\u00fccken Alle Details zu Ihrem Auftrag k\u00f6nnen Sie mit mir entweder per E-Mail oder telefonisch besprechen: Mobil\/WhatsApp: +49 176 49137388E-Mail:&nbsp;info@maria-eisen.de<\/p>\n","protected":false},"author":1,"featured_media":0,"parent":0,"menu_order":0,"comment_status":"closed","ping_status":"closed","template":"","meta":{"footnotes":""},"class_list":["post-37","page","type-page","status-publish","h-entry","hentry","h-as-page"],"_links":{"self":[{"href":"https:\/\/maria-eisen.de\/index.php?rest_route=\/wp\/v2\/pages\/37","targetHints":{"allow":["GET"]}}],"collection":[{"href":"https:\/\/maria-eisen.de\/index.php?rest_route=\/wp\/v2\/pages"}],"about":[{"href":"https:\/\/maria-eisen.de\/index.php?rest_route=\/wp\/v2\/types\/page"}],"author":[{"embeddable":true,"href":"https:\/\/maria-eisen.de\/index.php?rest_route=\/wp\/v2\/users\/1"}],"replies":[{"embeddable":true,"href":"https:\/\/maria-eisen.de\/index.php?rest_route=%2Fwp%2Fv2%2Fcomments&post=37"}],"version-history":[{"count":6,"href":"https:\/\/maria-eisen.de\/index.php?rest_route=\/wp\/v2\/pages\/37\/revisions"}],"predecessor-version":[{"id":367,"href":"https:\/\/maria-eisen.de\/index.php?rest_route=\/wp\/v2\/pages\/37\/revisions\/367"}],"wp:attachment":[{"href":"https:\/\/maria-eisen.de\/index.php?rest_route=%2Fwp%2Fv2%2Fmedia&parent=37"}],"curies":[{"name":"wp","href":"https:\/\/api.w.org\/{rel}","templated":true}]}}